{"id":225,"date":"2020-01-08T23:30:26","date_gmt":"2020-01-08T22:30:26","guid":{"rendered":"http:\/\/sisf.ovh\/?page_id=225"},"modified":"2025-07-17T10:44:40","modified_gmt":"2025-07-17T08:44:40","slug":"politique-de-confidentialite","status":"publish","type":"page","link":"https:\/\/sisf.ovh\/?page_id=225","title":{"rendered":"Politique de confidentialit\u00e9"},"content":{"rendered":"\n<p><strong>POLITIQUE DE CONFIDENTIALITE<\/strong><em><br>\nMise \u00e0 jour le 13 janvier 2020<\/em><\/p>\n\n\n\n<p><strong>1. Parties et\nObjet<\/strong><\/p>\n\n\n\n<p>Solidarit\u00e9\ninformatique sans fronti\u00e8res (ci-apr\u00e8s \u00ab\u00a0<strong>SISF<\/strong>\u00a0\u00bb ou le \u00ab\u00a0<strong>Responsable\ndu Traitement<\/strong>\u00ab\u00a0)<br>\n________________<br>\nMail&nbsp;:info@sisf.be<br>\nT\u00e9l\u00e9phone&nbsp;: +32 470 372 371<\/p>\n\n\n\n<p><br>\nSISF \u00e9tablit la pr\u00e9sente Politique de confidentialit\u00e9 dont l&rsquo;objet est\nd&rsquo;informer en toute transparence les Utilisateurs du site internet h\u00e9berg\u00e9 \u00e0\nl&rsquo;adresse suivante&nbsp;: www.sisf.be, (ci-apr\u00e8s le \u00ab\u00a0<strong>Site<\/strong>\u00ab\u00a0),\nde la mani\u00e8re dont les donn\u00e9es personnelles sont r\u00e9colt\u00e9es et trait\u00e9es par\nSISF.<\/p>\n\n\n\n<p>Le terme \u00ab\u00a0<strong>Utilisateur<\/strong>\u00a0\u00bb\nfait r\u00e9f\u00e9rence \u00e0 tout utilisateur, soit toute personne physique ou morale, qui\nvisite ou interagit d&rsquo;une quelconque mani\u00e8re avec le Site.<\/p>\n\n\n\n<p>A ce titre, SISF\nd\u00e9termine tous les moyens et finalit\u00e9s techniques, juridiques et\norganisationnelles du traitement des donn\u00e9es personnelles des utilisateurs.\nSISF s&rsquo;engage \u00e0 cet effet \u00e0 prendre toutes les mesures n\u00e9cessaires pour\ngarantir un traitement des donn\u00e9es personnelles conforme \u00e0 la loi du 30 juillet\n2018, relative \u00e0 la protection des personnes physiques \u00e0 l&rsquo;\u00e9gard des\ntraitements des donn\u00e9es \u00e0 caract\u00e8re personnel (ci-apr\u00e8s, \u00ab\u00a0la <strong>Loi<\/strong>\u00ab\u00a0)\net au R\u00e8glement europ\u00e9en du 26 avril 2016 relatif \u00e0 la protection des donn\u00e9es\ndes personnes physiques \u00e0 l&rsquo;\u00e9gard du traitement des donn\u00e9es \u00e0 caract\u00e8re\npersonnel et \u00e0 la libre circulation de ces donn\u00e9es (ci-apr\u00e8s le \u00ab\u00a0<strong>R\u00e8glement<\/strong>\u00ab\u00a0).<\/p>\n\n\n\n<p>SISF est libre\nde choisir toute personne physique ou morale qui traite les donn\u00e9es\npersonnelles des utilisateurs \u00e0 sa demande et pour son compte (ci-apr\u00e8s le\n\u00ab\u00a0<strong>Sous-traitant<\/strong>\u00ab\u00a0). Le cas \u00e9ch\u00e9ant, SISF s&rsquo;engage \u00e0 s\u00e9lectionner\nun Sous-traitant offrant des garanties suffisantes quant aux mesures de\ns\u00e9curit\u00e9 techniques et organisationnelles du traitement des donn\u00e9es\npersonnelles, au regard de la Loi et du R\u00e8glement.<\/p>\n\n\n\n<p><strong>2. Traitement\ndes donn\u00e9es personnelles<\/strong><\/p>\n\n\n\n<p>L&rsquo;utilisation du\nSite par les Utilisateurs pourra entra\u00eener la communication de donn\u00e9es\npersonnelles. Le traitement de ces donn\u00e9es par SISF, en sa qualit\u00e9 de\nResponsable du traitement, ou par les prestataires agissant au nom et pour le\ncompte de SISF, sera conforme \u00e0 la Loi et au R\u00e8glement.<\/p>\n\n\n\n<p>Les donn\u00e9es \u00e0\ncaract\u00e8re personnel seront trait\u00e9es par SISF, conform\u00e9ment aux finalit\u00e9s cit\u00e9es\nplus bas, via&nbsp;:<\/p>\n\n\n\n<p><strong><em>Formulaire d&rsquo;inscription<\/em><\/strong><strong><br>\n<\/strong><\/p>\n\n\n\n<p><strong>3. Finalit\u00e9\ndu traitement des donn\u00e9es personnelles<\/strong><\/p>\n\n\n\n<p>Conform\u00e9ment \u00e0\nl&rsquo;article 13 du R\u00e8glement, les finalit\u00e9s du traitement des donn\u00e9es personnelles\nsont communiqu\u00e9es \u00e0 l&rsquo;utilisateur et sont les suivantes&nbsp;:<\/p>\n\n\n\n<p><strong><em>Assurer l&rsquo;ex\u00e9cution du\nservice demand\u00e9<\/em><\/strong><\/p>\n\n\n\n<p><strong>4. Donn\u00e9es\npersonnelles susceptibles d&rsquo;\u00eatre trait\u00e9es<\/strong><\/p>\n\n\n\n<p>L&rsquo;Utilisateur\nconsent, lors de la visite et lors de l&rsquo;utilisation du Site, que SISF recueille\net traite, selon les modalit\u00e9s et principes d\u00e9crits dans la pr\u00e9sente Politique\nde confidentialit\u00e9, les donn\u00e9es \u00e0 caract\u00e8re personnel suivantes&nbsp;:<\/p>\n\n\n\n<p><strong><em>Nom&nbsp;\u2013 Adresse \u2013 N\u00b0t\u00e9l \u2013\nAdresse mail<\/em><\/strong>. <\/p>\n\n\n\n<p><strong>5.\nConsentement<\/strong><\/p>\n\n\n\n<p>En acc\u00e9dant au\nSite et en l&rsquo;utilisant, l&rsquo;Utilisateur d\u00e9clare avoir pris connaissance et marqu\u00e9\nson accord de fa\u00e7on libre, sp\u00e9cifique, \u00e9clair\u00e9e et univoque au traitement des\ndonn\u00e9es \u00e0 caract\u00e8re personnel la concernant. Cet accord porte sur le contenu de\nla pr\u00e9sente Politique de confidentialit\u00e9.<\/p>\n\n\n\n<p>Le consentement\nest donn\u00e9 par l&rsquo;acte positif par lequel l&rsquo;Utilisateur a coch\u00e9 la case proposant\nla Politique de confidentialit\u00e9 en lien hypertexte. Ce consentement est une\ncondition indispensable pour effectuer certaines op\u00e9rations sur le Site ou pour\npermettre \u00e0 l&rsquo;Utilisateur d&rsquo;entrer en relation contractuelle avec SISF. Tout\ncontrat liant SISF et un Utilisateur portant sur les services et biens propos\u00e9s\nsur le Site est subordonn\u00e9 \u00e0 l&rsquo;acceptation de la Politique de confidentialit\u00e9\npar l&rsquo;Utilisateur.<\/p>\n\n\n\n<p>L&rsquo;Utilisateur\nconsent \u00e0 ce que le Responsable du Traitement traite et recueille, conform\u00e9ment\naux modalit\u00e9s et principes compris dans la pr\u00e9sente Politique de\nconfidentialit\u00e9, ses donn\u00e9es \u00e0 caract\u00e8re personnel qu&rsquo;il communique sur le Site\nou \u00e0 l&rsquo;occasion des services propos\u00e9s par SISF, pour les finalit\u00e9s indiqu\u00e9es\nplus haut.<\/p>\n\n\n\n<p>L&rsquo;Utilisateur a\nle droit de retirer son consentement \u00e0 tout moment. Le retrait du consentement\nne compromet pas la lic\u00e9it\u00e9 du traitement fond\u00e9 sur le consentement\npr\u00e9alablement donn\u00e9.<\/p>\n\n\n\n<p><strong>6. Dur\u00e9e de\nconservation des donn\u00e9es personnelles des Utilisateurs<\/strong><\/p>\n\n\n\n<p>Conform\u00e9ment \u00e0\nl&rsquo;article 13 \u00a72 du R\u00e8glement et de la Loi, le Responsable du Traitement ne\nconserve les donn\u00e9es \u00e0 caract\u00e8re personnel que pendant le temps raisonnablement\nn\u00e9cessaire pour permettre l&rsquo;accomplissement des finalit\u00e9s pour lesquelles elles\nsont trait\u00e9es.<\/p>\n\n\n\n<p>Cette dur\u00e9e est\ndans tous les cas inf\u00e9rieure \u00e0&nbsp;: 1 an<\/p>\n\n\n\n<p><strong>7.\nDestinataires des donn\u00e9es et divulgation \u00e0 des tiers<\/strong><\/p>\n\n\n\n<p>Les donn\u00e9es\npersonnelles peuvent \u00eatre transmises aux pr\u00e9pos\u00e9s, collaborateurs,\nsous-traitants ou fournisseurs de SISF qui offrent des garanties de s\u00e9curit\u00e9\ndes donn\u00e9es ad\u00e9quates, et qui collaborent avec le SISF dans le cadre de la\ncommercialisation de produits ou de la fourniture de services. Ils agissent\nsous l&rsquo;autorit\u00e9 directe de SISF, et sont notamment responsables de recueillir,\nde traiter ou de sous-traiter ces donn\u00e9es.<\/p>\n\n\n\n<p>Dans tous les\ncas, les destinataires des donn\u00e9es et ceux \u00e0 qui ces donn\u00e9es ont \u00e9t\u00e9 divulgu\u00e9es\nrespectent le contenu de la pr\u00e9sente Politique de confidentialit\u00e9. SISF assure\nqu&rsquo;ils traiteront ces donn\u00e9es aux seules finalit\u00e9s pr\u00e9vues, de fa\u00e7on discr\u00e8te\net s\u00e9curis\u00e9e.<\/p>\n\n\n\n<p>Dans l&rsquo;hypoth\u00e8se\no\u00f9 les donn\u00e9es seraient divulgu\u00e9es \u00e0 des tiers \u00e0 des fins de marketing direct\nou de prospection, l&rsquo;Utilisateur en sera pr\u00e9alablement inform\u00e9 pour qu&rsquo;il\nexprime son consentement \u00e0 l&rsquo;utilisation de ces donn\u00e9es personnels.<\/p>\n\n\n\n<p><strong>8. Droits des\nUtilisateurs<\/strong><\/p>\n\n\n\n<p>A tout moment,\nl&rsquo;Utilisateur peut exercer ses droits en envoyant un message par courrier\n\u00e9lectronique \u00e0 l&rsquo;adresse suivante&nbsp;: <strong>info@sisf.be<\/strong>,\nou une lettre par voie postale adress\u00e9e, en joignant une copie de sa carte\nd&rsquo;identit\u00e9 \u00e0 l&rsquo;adresse suivante&nbsp;: <\/p>\n\n\n\n<p>1a courte rue de\nla station 1420<\/p>\n\n\n\n<p><em>a. Droit\nd&rsquo;acc\u00e8s<\/em><\/p>\n\n\n\n<p>Conform\u00e9ment \u00e0 l&rsquo;article\n15 du R\u00e8glement, SISF garantit le droit d&rsquo;acc\u00e8s \u00e0 l&rsquo;Utilisateur \u00e0 ses donn\u00e9es\npersonnelles. L&rsquo;Utilisateur a le droit d&rsquo;obtenir l&rsquo;acc\u00e8s auxdites donn\u00e9es \u00e0\ncaract\u00e8re personnel ainsi que les informations suivantes:&nbsp;<\/p>\n\n\n\n<ul class=\"wp-block-list\"><li>les finalit\u00e9s du\n     traitement&nbsp;;&nbsp;<\/li><li>les cat\u00e9gories de\n     donn\u00e9es \u00e0 caract\u00e8re personnel concern\u00e9es&nbsp;;&nbsp;<\/li><li>les destinataires\n     ou cat\u00e9gories de destinataires auxquels les donn\u00e9es \u00e0 caract\u00e8re personnel\n     ont \u00e9t\u00e9 ou seront communiqu\u00e9es, en particulier les destinataires qui sont\n     \u00e9tablis dans des pays tiers ou les organisations\n     internationales&nbsp;;&nbsp;<\/li><li>lorsque cela est\n     possible, la dur\u00e9e de conservation des donn\u00e9es \u00e0 caract\u00e8re personnel\n     envisag\u00e9e ou, lorsque ce n&rsquo;est pas possible, les crit\u00e8res utilis\u00e9s pour\n     d\u00e9terminer cette dur\u00e9e&nbsp;;&nbsp;<\/li><li>l&rsquo;existence d&rsquo;une\n     prise de d\u00e9cision automatis\u00e9e, y compris un profilage, vis\u00e9e \u00e0 l&rsquo;article\n     22, paragraphes 1 et 4 du R\u00e8glement, et, au moins en pareils cas, des\n     informations utiles concernant la logique sous-jacente, ainsi que\n     l&rsquo;importance et les cons\u00e9quences pr\u00e9vues de ce traitement pour la personne\n     concern\u00e9e&nbsp;<\/li><\/ul>\n\n\n\n<p>Le Responsable\ndu Traitement peut exiger le paiement de frais raisonnables bas\u00e9s sur les co\u00fbts\nadministratifs pour toute copie suppl\u00e9mentaire demand\u00e9e par l&rsquo;Utilisateur.<\/p>\n\n\n\n<p>Lorsque\nl&rsquo;Utilisateur introduit cette demande par voie \u00e9lectronique (par le biais de\nl&rsquo;adresse \u00e9lectronique par exemple), les informations sont fournies sous une\nforme \u00e9lectronique d&rsquo;usage courant, \u00e0 moins que l&rsquo;Utilisateur ne demande qu&rsquo;il\nen soit autrement.<\/p>\n\n\n\n<p>La copie de ses\ndonn\u00e9es sera communiqu\u00e9e \u00e0 l&rsquo;Utilisateur au plus tard dans le mois apr\u00e8s la\nr\u00e9ception de la demande.<\/p>\n\n\n\n<p><em>b.<\/em> <em>Droit de rectification<\/em><\/p>\n\n\n\n<p>SISF garantit le\ndroit de rectification et d&rsquo;effacement des donn\u00e9es personnelles \u00e0\nl&rsquo;utilisateur.<\/p>\n\n\n\n<p>Conform\u00e9ment \u00e0\nl&rsquo;article 16 du R\u00e8glement, les donn\u00e9es incorrectes, inexactes ou\nnon-pertinentes peuvent \u00eatre corrig\u00e9es ou effac\u00e9es \u00e0 tout moment. L&rsquo;Utilisateur\nproc\u00e8de d&rsquo;abord lui-m\u00eame aux modifications n\u00e9cessaires depuis son compte\nutilisateur\/autre, sauf si celles-ci ne peuvent \u00eatre effectu\u00e9es de mani\u00e8re\nautonome, dans quel cas la demande peut en \u00eatre faite aupr\u00e8s de SISF.<\/p>\n\n\n\n<p>Conform\u00e9ment \u00e0\nl&rsquo;article 19 du R\u00e8glement, le Responsable du traitement notifie \u00e0 chaque\ndestinataire auquel les donn\u00e9es \u00e0 caract\u00e8re personnel ont \u00e9t\u00e9 communiqu\u00e9es\ntoute rectification des donn\u00e9es \u00e0 caract\u00e8re personnel, \u00e0 moins qu&rsquo;une telle\ncommunication se r\u00e9v\u00e8le impossible ou exige des efforts disproportionn\u00e9s. Le\nresponsable du traitement fournit \u00e0 la personne concern\u00e9e des informations sur\nces destinataires si celle-ci en fait la demande.<\/p>\n\n\n\n<p><em>c.<\/em> <em>Droit \u00e0 l&rsquo;effacement<\/em><\/p>\n\n\n\n<p>L&rsquo;Utilisateur a\nle droit d&rsquo;obtenir l&rsquo;effacement de ses donn\u00e9es personnelles dans les meilleurs\nd\u00e9lais dans les hypoth\u00e8ses \u00e9num\u00e9r\u00e9es \u00e0 l&rsquo;article 17 du R\u00e8glement.<\/p>\n\n\n\n<p>Lorsque le\nResponsable de Traitement a rendu publiques les donn\u00e9es \u00e0 caract\u00e8re personnel\net qu&rsquo;il est tenu de les effacer en vertu du paragraphe pr\u00e9c\u00e9dent, le\nResponsable du traitement, compte tenu des technologies disponibles et des\nco\u00fbts de mise en \u0153uvre, prend des mesures raisonnables, y compris d&rsquo;ordre\ntechnique, pour informer les autres responsables du traitement qui traitent ces\ndonn\u00e9es \u00e0 caract\u00e8re personnel que la personne concern\u00e9e a demand\u00e9 l&rsquo;effacement\npar ces responsables du traitement de tout lien vers ces donn\u00e9es \u00e0 caract\u00e8re\npersonnel, ou de toute copie ou reproduction de celles-ci.<\/p>\n\n\n\n<p>Les deux\nparagraphes pr\u00e9c\u00e9dents ne s&rsquo;appliquent pas dans la mesure o\u00f9 ce traitement est\nn\u00e9cessaire:<\/p>\n\n\n\n<ul class=\"wp-block-list\"><li>&nbsp;\u00e0 l&rsquo;exercice\n     du droit \u00e0 la libert\u00e9 d&rsquo;expression et d&rsquo;information;&nbsp;<\/li><li>pour respecter une\n     obligation l\u00e9gale qui requiert le traitement pr\u00e9vue par le droit de\n     l&rsquo;Union ou par le droit de l&rsquo;\u00c9tat membre auquel le responsable du\n     traitement est soumis, ou pour ex\u00e9cuter une mission d&rsquo;int\u00e9r\u00eat public ou\n     relevant de l&rsquo;exercice de l&rsquo;autorit\u00e9 publique dont est investi le\n     responsable du traitement;&nbsp;<\/li><li>\u00e0 la constatation,\n     \u00e0 l&rsquo;exercice ou \u00e0 la d\u00e9fense de droits en justice.&nbsp;<\/li><\/ul>\n\n\n\n<p>Conform\u00e9ment \u00e0\nl&rsquo;article 19 du R\u00e8glement, le Responsable du traitement notifie \u00e0 chaque\ndestinataire auquel les donn\u00e9es \u00e0 caract\u00e8re personnel ont \u00e9t\u00e9 communiqu\u00e9es tout\neffacement de donn\u00e9es \u00e0 caract\u00e8re personnel ou toute limitation du traitement\neffectu\u00e9, \u00e0 moins qu&rsquo;une telle communication se r\u00e9v\u00e8le impossible ou exige des\nefforts disproportionn\u00e9s. Le responsable du traitement fournit \u00e0 la personne\nconcern\u00e9e des informations sur ces destinataires si celle-ci en fait la\ndemande.<\/p>\n\n\n\n<p><em>d.<\/em> <em>Droit de limitation du traitement<\/em><\/p>\n\n\n\n<p>L&rsquo;Utilisateur a\nle droit d&rsquo;obtenir la limitation du traitement de ses donn\u00e9es personnelles dans\nles hypoth\u00e8ses \u00e9num\u00e9r\u00e9es \u00e0 l&rsquo;article 19 du R\u00e8glement.<\/p>\n\n\n\n<p>Conform\u00e9ment \u00e0\nl&rsquo;article 19 du R\u00e8glement, le Responsable du traitement notifie \u00e0 chaque\ndestinataire auquel les donn\u00e9es \u00e0 caract\u00e8re personnel ont \u00e9t\u00e9 communiqu\u00e9es\ntoute limitation du traitement effectu\u00e9, \u00e0 moins qu&rsquo;une telle communication se\nr\u00e9v\u00e8le impossible ou exige des efforts disproportionn\u00e9s. Le responsable du\ntraitement fournit \u00e0 la personne concern\u00e9e des informations sur ces\ndestinataires si celle-ci en fait la demande.<\/p>\n\n\n\n<p><em>e.<\/em> <em>Droit de portabilit\u00e9 des donn\u00e9es<\/em><\/p>\n\n\n\n<p>Conform\u00e9ment \u00e0\nl&rsquo;article 20 du R\u00e8glement, les Utilisateurs ont le droit de recevoir de SISF les\ndonn\u00e9es \u00e0 caract\u00e8re personnel les concernant dans un format structur\u00e9,\ncouramment utilis\u00e9 et lisible par machine. Les Utilisateurs ont le droit de\ntransmettre ces donn\u00e9es \u00e0 un autre responsable du traitement sans que SISF y\nfasse obstacle dans les cas pr\u00e9vus par le R\u00e8glement.<\/p>\n\n\n\n<p>Lorsque\nl&rsquo;Utilisateur exerce son droit \u00e0 la portabilit\u00e9 des donn\u00e9es en application du\nparagraphe pr\u00e9c\u00e9dent, elle a le droit d&rsquo;obtenir que les donn\u00e9es \u00e0 caract\u00e8re\npersonnel soient transmises directement d&rsquo;un responsable du traitement \u00e0 un\nautre, lorsque cela est techniquement possible.<\/p>\n\n\n\n<p>L&rsquo;exercice du\ndroit de portabilit\u00e9 des donn\u00e9es s&rsquo;entend sans pr\u00e9judice du droit \u00e0\nl&rsquo;effacement. Ce droit ne s&rsquo;applique pas au traitement n\u00e9cessaire \u00e0 l&rsquo;ex\u00e9cution\nd&rsquo;une mission d&rsquo;int\u00e9r\u00eat public ou relevant de l&rsquo;exercice de l&rsquo;autorit\u00e9 publique\ndont est investi le responsable du traitement.<\/p>\n\n\n\n<p>Le droit de\nportabilit\u00e9 des donn\u00e9es ne porte pas atteinte aux droits et libert\u00e9s de tiers.<\/p>\n\n\n\n<p><em>f.<\/em> <em>Droit d&rsquo;opposition et prise de\nd\u00e9cision individuelle automatis\u00e9e<\/em><\/p>\n\n\n\n<p>L&rsquo;Utilisateur\ndispose \u00e0 tout moment du droit de s&rsquo;opposer au traitement de ses donn\u00e9es\npersonnelles en raison de sa situation particuli\u00e8re, y compris l&rsquo;automatisation\ndes donn\u00e9es effectu\u00e9e par SISF. Conform\u00e9ment \u00e0 l&rsquo;article 21 du R\u00e8glement, SISF\nne traitera plus les donn\u00e9es \u00e0 caract\u00e8re personnel, \u00e0 moins qu&rsquo;il existe des\nmotifs l\u00e9gitimes et imp\u00e9rieux pour le traitement qui pr\u00e9valent sur les int\u00e9r\u00eats\net les droits et libert\u00e9s de l&rsquo;Utilisateur, ou pour la constatation, l&rsquo;exercice\nou la d\u00e9fense de droits en justice.<\/p>\n\n\n\n<p>Lorsque les\ndonn\u00e9es \u00e0 caract\u00e8re personnel sont trait\u00e9es \u00e0 des fins de prospection,\nl&rsquo;Utilisateur a le droit de s&rsquo;opposer \u00e0 tout moment au traitement des donn\u00e9es \u00e0\ncaract\u00e8re personnel la concernant \u00e0 de telles fins de prospection, y compris au\nprofilage dans la mesure o\u00f9 il est li\u00e9 \u00e0 une telle prospection.<\/p>\n\n\n\n<p>Lorsque la\npersonne concern\u00e9e s&rsquo;oppose au traitement \u00e0 des fins de prospection, les\ndonn\u00e9es \u00e0 caract\u00e8re personnel ne sont plus trait\u00e9es \u00e0 ces fins.<\/p>\n\n\n\n<p><em>g.<\/em> <em>Droit de plainte<\/em><\/p>\n\n\n\n<p>L&rsquo;Utilisateur\ndispose du droit d&rsquo;introduire une plainte concernant le traitement de ses\ndonn\u00e9es personnelles par SISF aupr\u00e8s de l&rsquo;Autorit\u00e9 de Protection des Donn\u00e9es,\ncomp\u00e9tente pour le territoire belge. De plus amples informations peuvent \u00eatre\ntrouv\u00e9es sur le site internet: https:\/\/www.autoriteprotectiondonnees.be.<\/p>\n\n\n\n<p>L&rsquo;introduction\nd&rsquo;une plainte se fait aux adresses suivantes:<\/p>\n\n\n\n<p>Autorit\u00e9 de Protection des Donn\u00e9es<br>\nRue de la Presse 35, 1000 Bruxelles<br>\nT\u00e9l. + 32 2 274 48 00<br>\nFax. + 32 2 274 48 35<br>\nE-mail: contact@apd-gba.be<\/p>\n\n\n\n<p>L&rsquo;Utilisateur\npeut \u00e9galement introduire une plainte aupr\u00e8s du tribunal de premi\u00e8re instance\nde son domicile.<\/p>\n\n\n\n<p><strong>9. Limitation\nde responsabilit\u00e9 du Responsable de traitement<\/strong><\/p>\n\n\n\n<p>Le site Internet\npeut contenir des liens vers d&rsquo;autres sites internet d\u00e9tenus par des tiers non\nli\u00e9s \u00e0 SISF. Le contenu de ces sites et le respect de ceux-ci au regard de la\nLoi et du R\u00e8glement ne rel\u00e8vent pas de la responsabilit\u00e9 de SISF.<\/p>\n\n\n\n<p>Le titulaire de\nl&rsquo;autorit\u00e9 parentale doit donner son consentement expr\u00e8s pour que le mineur de\nmoins de 16 ans puisse divulguer des informations ou donn\u00e9es personnelles sur\nle site Internet. SISF conseille vivement aux personnes exer\u00e7ant l&rsquo;autorit\u00e9\nparentale sur des mineurs de promouvoir une utilisation responsable et\ns\u00e9curis\u00e9e d&rsquo;Internet. Le Responsable de traitement ne peut \u00eatre tenu\nresponsable pour avoir collect\u00e9 et trait\u00e9 des informations et donn\u00e9es\npersonnelles de mineurs de moins de 16 ans dont le consentement n&rsquo;est pas\neffectivement couvert par celui de leurs parents l\u00e9gaux ou pour des donn\u00e9es\nincorrectes -notamment concernant l&rsquo;\u00e2ge- introduites par des mineurs. En aucun\ncas, des donn\u00e9es personnelles ne seront trait\u00e9es par le Responsable de\ntraitement si l&rsquo;Utilisateur pr\u00e9cise qu&rsquo;il est \u00e2g\u00e9 de moins de 16 ans.<\/p>\n\n\n\n<p>SISF n&rsquo;est pas\nresponsable de la perte, de la corruption ou du vol de donn\u00e9es personnelles\ncaus\u00e9s notamment par la pr\u00e9sence de virus ou suite \u00e0 des attaques\ninformatiques.<\/p>\n\n\n\n<p><strong>10. S\u00e9curit\u00e9<\/strong><\/p>\n\n\n\n<p>Le Responsable\ndu Traitement met en \u0153uvre les mesures organisationnelles et techniques afin de\ngarantir un niveau de s\u00e9curit\u00e9 appropri\u00e9e au traitement et r\u00e9colte des donn\u00e9es.\nCes mesures de s\u00e9curit\u00e9 d\u00e9pendent des co\u00fbts de mise en oeuvre au regard de la\nnature, du contexte et des finalit\u00e9s du traitement des donn\u00e9es personnelles.<\/p>\n\n\n\n<p>Le Responsable\ndu Traitement utilise les technologies de cryptage standards au sein du secteur\nIT lors du transfert ou du recueil des donn\u00e9es sur le Site.<strong><br>\n<\/strong><\/p>\n\n\n\n<p><strong>11.\nModification de la Politique de confidentialit\u00e9<\/strong><\/p>\n\n\n\n<p>SISF se r\u00e9serve\nle droit de modifier la pr\u00e9sente Politique de confidentialit\u00e9 afin de se\nconformer aux obligations l\u00e9gales en la mati\u00e8re. L&rsquo;utilisateur est d\u00e8s lors\ninvit\u00e9 \u00e0 consulter r\u00e9guli\u00e8rement la Politique de confidentialit\u00e9 afin de\nprendre connaissance des modifications et adaptations. Une telle modification\nsera affich\u00e9e sur le Site ou envoy\u00e9e par mail \u00e0 des fins d&rsquo;opposabilit\u00e9.<\/p>\n\n\n\n<p><strong>12. Droit\napplicable et juridiction comp\u00e9tente<\/strong><\/p>\n\n\n\n<p>La pr\u00e9sente\nPolitique de confidentialit\u00e9 est exclusivement r\u00e9gie par le droit belge. Tout\nlitige sera port\u00e9 devant les tribunaux de l&rsquo;arrondissement judiciaire du si\u00e8ge\nsocial de SISF.<\/p>\n\n\n\n<p><strong>13. Contact<\/strong><\/p>\n\n\n\n<p>Pour toute\nquestion ou r\u00e9clamation relative \u00e0 la pr\u00e9sente Politique de confidentialit\u00e9,\nl&rsquo;Utilisateur peut contacter le Responsable du traitement via l&rsquo;adresse\nsuivante&nbsp;: <strong><em>info@sisf.be<\/em><\/strong><\/p>\n","protected":false},"excerpt":{"rendered":"<p>POLITIQUE DE CONFIDENTIALITE Mise \u00e0 jour le 13 janvier 2020 1. Parties et Objet Solidarit\u00e9 informatique sans fronti\u00e8res (ci-apr\u00e8s \u00ab\u00a0SISF\u00a0\u00bb ou le \u00ab\u00a0Responsable du Traitement\u00ab\u00a0) ________________ Mail&nbsp;:info@sisf.be T\u00e9l\u00e9phone&nbsp;: +32 470 372 371 SISF \u00e9tablit la pr\u00e9sente Politique de confidentialit\u00e9 dont l&rsquo;objet est d&rsquo;informer en toute transparence les Utilisateurs du site internet h\u00e9berg\u00e9 \u00e0 l&rsquo;adresse suivante&nbsp;: [&hellip;]<\/p>\n","protected":false},"author":1,"featured_media":0,"parent":0,"menu_order":0,"comment_status":"closed","ping_status":"closed","template":"","meta":{"footnotes":""},"class_list":["post-225","page","type-page","status-publish","hentry"],"_links":{"self":[{"href":"https:\/\/sisf.ovh\/index.php?rest_route=\/wp\/v2\/pages\/225","targetHints":{"allow":["GET"]}}],"collection":[{"href":"https:\/\/sisf.ovh\/index.php?rest_route=\/wp\/v2\/pages"}],"about":[{"href":"https:\/\/sisf.ovh\/index.php?rest_route=\/wp\/v2\/types\/page"}],"author":[{"embeddable":true,"href":"https:\/\/sisf.ovh\/index.php?rest_route=\/wp\/v2\/users\/1"}],"replies":[{"embeddable":true,"href":"https:\/\/sisf.ovh\/index.php?rest_route=%2Fwp%2Fv2%2Fcomments&post=225"}],"version-history":[{"count":2,"href":"https:\/\/sisf.ovh\/index.php?rest_route=\/wp\/v2\/pages\/225\/revisions"}],"predecessor-version":[{"id":392,"href":"https:\/\/sisf.ovh\/index.php?rest_route=\/wp\/v2\/pages\/225\/revisions\/392"}],"wp:attachment":[{"href":"https:\/\/sisf.ovh\/index.php?rest_route=%2Fwp%2Fv2%2Fmedia&parent=225"}],"curies":[{"name":"wp","href":"https:\/\/api.w.org\/{rel}","templated":true}]}}